{"id":135,"date":"2025-10-15T19:37:10","date_gmt":"2025-10-15T17:37:10","guid":{"rendered":"https:\/\/naiman-trust.com\/about\/"},"modified":"2025-11-11T13:43:49","modified_gmt":"2025-11-11T12:43:49","slug":"about","status":"publish","type":"page","link":"https:\/\/naiman-trust.com\/de\/about\/","title":{"rendered":"\u00dcber uns"},"content":{"rendered":"<p><b>Naiman Trust Solutions AG<\/b> ist eine Beratungsgesellschaft, die sich auf Steuerberatung und Verm\u00f6gensstrukturierung spezialisiert hat. Unser Team verbindet fundierte Rechtskenntnisse mit umfassender Erfahrung in der Finanzbranche, um ma\u00dfgeschneiderte, zukunftsorientierte L\u00f6sungen anzubieten. Wir verfolgen einen ganzheitlichen Ansatz, bei dem wir alle Aspekte der pers\u00f6nlichen und gesch\u00e4ftlichen Situation unserer Kunden analysieren, um effiziente und nachhaltige Strategien zu entwickeln. Bei Naiman legen wir bei allem, was wir tun, Wert auf Pr\u00e4zision, Integrit\u00e4t und Kreativit\u00e4t.<\/p>\n","protected":false},"excerpt":{"rendered":"<p>Naiman Trust Solutions AG ist eine Beratungsgesellschaft, die sich auf Steuerberatung und Verm\u00f6gensstrukturierung spezialisiert hat. Unser Team verbindet fundierte Rechtskenntnisse mit umfassender Erfahrung in der Finanzbranche, um ma\u00dfgeschneiderte, zukunftsorientierte L\u00f6sungen anzubieten. Wir verfolgen einen ganzheitlichen Ansatz, bei dem wir alle Aspekte der pers\u00f6nlichen und gesch\u00e4ftlichen Situation unserer Kunden analysieren, um effiziente und nachhaltige Strategien zu [&hellip;]<\/p>\n","protected":false},"author":1,"featured_media":377,"parent":0,"menu_order":0,"comment_status":"closed","ping_status":"closed","template":"","meta":{"_acf_changed":false,"ngg_post_thumbnail":0,"footnotes":""},"class_list":["post-135","page","type-page","status-publish","has-post-thumbnail","hentry"],"acf":[],"_links":{"self":[{"href":"https:\/\/naiman-trust.com\/de\/wp-json\/wp\/v2\/pages\/135","targetHints":{"allow":["GET"]}}],"collection":[{"href":"https:\/\/naiman-trust.com\/de\/wp-json\/wp\/v2\/pages"}],"about":[{"href":"https:\/\/naiman-trust.com\/de\/wp-json\/wp\/v2\/types\/page"}],"author":[{"embeddable":true,"href":"https:\/\/naiman-trust.com\/de\/wp-json\/wp\/v2\/users\/1"}],"replies":[{"embeddable":true,"href":"https:\/\/naiman-trust.com\/de\/wp-json\/wp\/v2\/comments?post=135"}],"version-history":[{"count":3,"href":"https:\/\/naiman-trust.com\/de\/wp-json\/wp\/v2\/pages\/135\/revisions"}],"predecessor-version":[{"id":425,"href":"https:\/\/naiman-trust.com\/de\/wp-json\/wp\/v2\/pages\/135\/revisions\/425"}],"wp:featuredmedia":[{"embeddable":true,"href":"https:\/\/naiman-trust.com\/de\/wp-json\/wp\/v2\/media\/377"}],"wp:attachment":[{"href":"https:\/\/naiman-trust.com\/de\/wp-json\/wp\/v2\/media?parent=135"}],"curies":[{"name":"wp","href":"https:\/\/api.w.org\/{rel}","templated":true}]}}