{"id":145,"date":"2025-10-15T19:37:29","date_gmt":"2025-10-15T17:37:29","guid":{"rendered":"https:\/\/naiman-trust.com\/contact\/"},"modified":"2025-11-11T13:39:12","modified_gmt":"2025-11-11T12:39:12","slug":"contact","status":"publish","type":"page","link":"https:\/\/naiman-trust.com\/de\/contact\/","title":{"rendered":"Kontakt"},"content":{"rendered":"<p>Ob Sie eine umfassende Beratung, massgeschneiderte Strukturierungsl\u00f6sungen oder Unterst\u00fctzung bei der Umsiedlung suchen, unser Team ist f\u00fcr Sie da.<\/p>\n","protected":false},"excerpt":{"rendered":"<p>Ob Sie eine umfassende Beratung, massgeschneiderte Strukturierungsl\u00f6sungen oder Unterst\u00fctzung bei der Umsiedlung suchen, unser Team ist f\u00fcr Sie da.<\/p>\n","protected":false},"author":1,"featured_media":392,"parent":0,"menu_order":0,"comment_status":"closed","ping_status":"closed","template":"template-contact.php","meta":{"_acf_changed":false,"ngg_post_thumbnail":0,"footnotes":""},"class_list":["post-145","page","type-page","status-publish","has-post-thumbnail","hentry"],"acf":[],"_links":{"self":[{"href":"https:\/\/naiman-trust.com\/de\/wp-json\/wp\/v2\/pages\/145","targetHints":{"allow":["GET"]}}],"collection":[{"href":"https:\/\/naiman-trust.com\/de\/wp-json\/wp\/v2\/pages"}],"about":[{"href":"https:\/\/naiman-trust.com\/de\/wp-json\/wp\/v2\/types\/page"}],"author":[{"embeddable":true,"href":"https:\/\/naiman-trust.com\/de\/wp-json\/wp\/v2\/users\/1"}],"replies":[{"embeddable":true,"href":"https:\/\/naiman-trust.com\/de\/wp-json\/wp\/v2\/comments?post=145"}],"version-history":[{"count":4,"href":"https:\/\/naiman-trust.com\/de\/wp-json\/wp\/v2\/pages\/145\/revisions"}],"predecessor-version":[{"id":419,"href":"https:\/\/naiman-trust.com\/de\/wp-json\/wp\/v2\/pages\/145\/revisions\/419"}],"wp:featuredmedia":[{"embeddable":true,"href":"https:\/\/naiman-trust.com\/de\/wp-json\/wp\/v2\/media\/392"}],"wp:attachment":[{"href":"https:\/\/naiman-trust.com\/de\/wp-json\/wp\/v2\/media?parent=145"}],"curies":[{"name":"wp","href":"https:\/\/api.w.org\/{rel}","templated":true}]}}