{"id":167,"date":"2025-10-15T20:50:59","date_gmt":"2025-10-15T18:50:59","guid":{"rendered":"https:\/\/naiman-trust.com\/impressum\/"},"modified":"2025-11-11T13:54:21","modified_gmt":"2025-11-11T12:54:21","slug":"imprint","status":"publish","type":"page","link":"https:\/\/naiman-trust.com\/de\/imprint\/","title":{"rendered":"Impressum"},"content":{"rendered":"<p><strong>VERANTWORTLICH F\u00dcR DEN INHALT<\/strong><\/p>\n<p>Naiman Trust Solutions AG<br \/>\nSchweiz<\/p>\n<p>Handelsregistereintragsnummer<\/p>\n<p><span id=\"idAuszugForm:rendered-excerpt\"><span class=\"firmaImportantInfo\" data-uid=\"true\">CHE-114.283.684<\/span><\/span><\/p>\n<p>Umsatzsteuer-Identifikationsnummer<\/p>\n<p><span id=\"idAuszugForm:rendered-excerpt\"><span class=\"firmaImportantInfo\" data-uid=\"true\">CHE-114.283.684<\/span><\/span> MWST<\/p>\n<p><strong>VERANTWORTLICH F\u00dcR DEN TECHNISCHEN TEIL<\/strong><\/p>\n<p>Webhosting: UNAXUS<\/p>\n<p>COPYRIGHT<\/p>\n<p>S\u00e4mtliche Texte, Fotos, Grafiken, Audio- und Videodateien unterliegen dem Urheberrecht und anderen Gesetzen zum Schutz des geistigen Eigentums und d\u00fcrfen nicht reproduziert, ver\u00e4ndert oder auf anderen Websites f\u00fcr kommerzielle oder \u00e4hnliche Zwecke verwendet werden.<\/p>\n<p>HAFTUNGSAUSSCHLUSS<\/p>\n<p>Die Informationen auf unserer Website werden regelm\u00e4\u00dfig gepr\u00fcft und aktualisiert. Wir behalten uns jedoch das Recht vor, dass nicht alle Informationen vollst\u00e4ndig und korrekt und zeitnah aktualisiert werden k\u00f6nnen. Insbesondere bei Links zu anderen Websites, die direkt oder indirekt mit unserer Website verlinkt sind, \u00fcbernehmen wir keine Gew\u00e4hr f\u00fcr die Aktualit\u00e4t der Informationen. Alle Informationen k\u00f6nnen von uns jederzeit ohne vorherige Ank\u00fcndigung entfernt, ge\u00e4ndert oder erg\u00e4nzt werden.<\/p>\n<p>Alle Rechte vorbehalten. Alle Informationen auf dieser Website werden ohne jegliche Gew\u00e4hrleistung bereitgestellt.<\/p>\n<p>Gerichtsstandort: Z\u00fcrich, Schweiz<\/p>\n","protected":false},"excerpt":{"rendered":"<p>VERANTWORTLICH F\u00dcR DEN INHALT Naiman Trust Solutions AG Schweiz Handelsregistereintragsnummer CHE-114.283.684 Umsatzsteuer-Identifikationsnummer CHE-114.283.684 MWST VERANTWORTLICH F\u00dcR DEN TECHNISCHEN TEIL Webhosting: UNAXUS COPYRIGHT S\u00e4mtliche Texte, Fotos, Grafiken, Audio- und Videodateien unterliegen dem Urheberrecht und anderen Gesetzen zum Schutz des geistigen Eigentums und d\u00fcrfen nicht reproduziert, ver\u00e4ndert oder auf anderen Websites f\u00fcr kommerzielle oder \u00e4hnliche Zwecke verwendet [&hellip;]<\/p>\n","protected":false},"author":1,"featured_media":400,"parent":0,"menu_order":0,"comment_status":"closed","ping_status":"closed","template":"","meta":{"_acf_changed":false,"ngg_post_thumbnail":0,"footnotes":""},"class_list":["post-167","page","type-page","status-publish","has-post-thumbnail","hentry"],"acf":[],"_links":{"self":[{"href":"https:\/\/naiman-trust.com\/de\/wp-json\/wp\/v2\/pages\/167","targetHints":{"allow":["GET"]}}],"collection":[{"href":"https:\/\/naiman-trust.com\/de\/wp-json\/wp\/v2\/pages"}],"about":[{"href":"https:\/\/naiman-trust.com\/de\/wp-json\/wp\/v2\/types\/page"}],"author":[{"embeddable":true,"href":"https:\/\/naiman-trust.com\/de\/wp-json\/wp\/v2\/users\/1"}],"replies":[{"embeddable":true,"href":"https:\/\/naiman-trust.com\/de\/wp-json\/wp\/v2\/comments?post=167"}],"version-history":[{"count":4,"href":"https:\/\/naiman-trust.com\/de\/wp-json\/wp\/v2\/pages\/167\/revisions"}],"predecessor-version":[{"id":432,"href":"https:\/\/naiman-trust.com\/de\/wp-json\/wp\/v2\/pages\/167\/revisions\/432"}],"wp:featuredmedia":[{"embeddable":true,"href":"https:\/\/naiman-trust.com\/de\/wp-json\/wp\/v2\/media\/400"}],"wp:attachment":[{"href":"https:\/\/naiman-trust.com\/de\/wp-json\/wp\/v2\/media?parent=167"}],"curies":[{"name":"wp","href":"https:\/\/api.w.org\/{rel}","templated":true}]}}