{"id":137,"date":"2025-10-15T19:37:10","date_gmt":"2025-10-15T17:37:10","guid":{"rendered":"https:\/\/naiman-trust.com\/about\/"},"modified":"2025-11-11T14:43:54","modified_gmt":"2025-11-11T13:43:54","slug":"about","status":"publish","type":"page","link":"https:\/\/naiman-trust.com\/es\/about\/","title":{"rendered":"Sobre nosotros"},"content":{"rendered":"<p><b>Naiman Trust Solutions Ltd.<\/b> es una empresa consultora especializada en asesoramiento fiscal y estructuraci\u00f3n patrimonial. Nuestro equipo combina un profundo conocimiento jur\u00eddico con una amplia experiencia en el sector financiero para ofrecer soluciones personalizadas y con visi\u00f3n de futuro. Adoptamos un enfoque hol\u00edstico, analizando todos los aspectos de la situaci\u00f3n personal y empresarial de nuestros clientes, para proporcionar estrategias que sean eficientes y sostenibles. En Naiman, valoramos la precisi\u00f3n, la integridad y la creatividad en todo lo que hacemos.<\/p>\n","protected":false},"excerpt":{"rendered":"<p>Naiman Trust Solutions Ltd. es una empresa consultora especializada en asesoramiento fiscal y estructuraci\u00f3n patrimonial. Nuestro equipo combina un profundo conocimiento jur\u00eddico con una amplia experiencia en el sector financiero para ofrecer soluciones personalizadas y con visi\u00f3n de futuro. Adoptamos un enfoque hol\u00edstico, analizando todos los aspectos de la situaci\u00f3n personal y empresarial de nuestros [&hellip;]<\/p>\n","protected":false},"author":1,"featured_media":378,"parent":0,"menu_order":0,"comment_status":"closed","ping_status":"closed","template":"","meta":{"_acf_changed":false,"ngg_post_thumbnail":0,"footnotes":""},"class_list":["post-137","page","type-page","status-publish","has-post-thumbnail","hentry"],"acf":[],"_links":{"self":[{"href":"https:\/\/naiman-trust.com\/es\/wp-json\/wp\/v2\/pages\/137","targetHints":{"allow":["GET"]}}],"collection":[{"href":"https:\/\/naiman-trust.com\/es\/wp-json\/wp\/v2\/pages"}],"about":[{"href":"https:\/\/naiman-trust.com\/es\/wp-json\/wp\/v2\/types\/page"}],"author":[{"embeddable":true,"href":"https:\/\/naiman-trust.com\/es\/wp-json\/wp\/v2\/users\/1"}],"replies":[{"embeddable":true,"href":"https:\/\/naiman-trust.com\/es\/wp-json\/wp\/v2\/comments?post=137"}],"version-history":[{"count":4,"href":"https:\/\/naiman-trust.com\/es\/wp-json\/wp\/v2\/pages\/137\/revisions"}],"predecessor-version":[{"id":454,"href":"https:\/\/naiman-trust.com\/es\/wp-json\/wp\/v2\/pages\/137\/revisions\/454"}],"wp:featuredmedia":[{"embeddable":true,"href":"https:\/\/naiman-trust.com\/es\/wp-json\/wp\/v2\/media\/378"}],"wp:attachment":[{"href":"https:\/\/naiman-trust.com\/es\/wp-json\/wp\/v2\/media?parent=137"}],"curies":[{"name":"wp","href":"https:\/\/api.w.org\/{rel}","templated":true}]}}