{"id":148,"date":"2025-10-15T19:37:29","date_gmt":"2025-10-15T17:37:29","guid":{"rendered":"https:\/\/naiman-trust.com\/contact\/"},"modified":"2025-10-30T14:39:34","modified_gmt":"2025-10-30T13:39:34","slug":"contact","status":"publish","type":"page","link":"https:\/\/naiman-trust.com\/es\/contact\/","title":{"rendered":"Contacto"},"content":{"rendered":"<p>Tanto si busca asesoramiento integral, soluciones de estructuraci\u00f3n a medida o apoyo para la reubicaci\u00f3n, nuestro equipo est\u00e1 aqu\u00ed para ayudarle.<\/p>\n","protected":false},"excerpt":{"rendered":"<p>Tanto si busca asesoramiento integral, soluciones de estructuraci\u00f3n a medida o apoyo para la reubicaci\u00f3n, nuestro equipo est\u00e1 aqu\u00ed para ayudarle.<\/p>\n","protected":false},"author":1,"featured_media":393,"parent":0,"menu_order":0,"comment_status":"closed","ping_status":"closed","template":"template-contact.php","meta":{"_acf_changed":false,"ngg_post_thumbnail":0,"footnotes":""},"class_list":["post-148","page","type-page","status-publish","has-post-thumbnail","hentry"],"acf":[],"_links":{"self":[{"href":"https:\/\/naiman-trust.com\/es\/wp-json\/wp\/v2\/pages\/148","targetHints":{"allow":["GET"]}}],"collection":[{"href":"https:\/\/naiman-trust.com\/es\/wp-json\/wp\/v2\/pages"}],"about":[{"href":"https:\/\/naiman-trust.com\/es\/wp-json\/wp\/v2\/types\/page"}],"author":[{"embeddable":true,"href":"https:\/\/naiman-trust.com\/es\/wp-json\/wp\/v2\/users\/1"}],"replies":[{"embeddable":true,"href":"https:\/\/naiman-trust.com\/es\/wp-json\/wp\/v2\/comments?post=148"}],"version-history":[{"count":3,"href":"https:\/\/naiman-trust.com\/es\/wp-json\/wp\/v2\/pages\/148\/revisions"}],"predecessor-version":[{"id":322,"href":"https:\/\/naiman-trust.com\/es\/wp-json\/wp\/v2\/pages\/148\/revisions\/322"}],"wp:featuredmedia":[{"embeddable":true,"href":"https:\/\/naiman-trust.com\/es\/wp-json\/wp\/v2\/media\/393"}],"wp:attachment":[{"href":"https:\/\/naiman-trust.com\/es\/wp-json\/wp\/v2\/media?parent=148"}],"curies":[{"name":"wp","href":"https:\/\/api.w.org\/{rel}","templated":true}]}}