{"id":156,"date":"2025-10-15T20:52:00","date_gmt":"2025-10-15T18:52:00","guid":{"rendered":"https:\/\/naiman-trust.com\/datenschutz\/"},"modified":"2025-10-30T14:52:47","modified_gmt":"2025-10-30T13:52:47","slug":"data-protection","status":"publish","type":"page","link":"https:\/\/naiman-trust.com\/es\/data-protection\/","title":{"rendered":"Protecci\u00f3n de datos"},"content":{"rendered":"<p data-start=\"0\" data-end=\"36\"><strong>DECLARACI\u00d3N DE PROTECCI\u00d3N DE DATOS<\/strong><\/p>\n<p data-start=\"38\" data-end=\"589\">Nuestro tratamiento de los datos personales de los usuarios se limita a aquellos datos necesarios para proporcionar un sitio web funcional, as\u00ed como nuestros contenidos y servicios. El tratamiento de los datos personales de nuestros usuarios se realiza \u00fanicamente para los fines que se detallan a continuaci\u00f3n y cuando exista una base legal (en el sentido del RGPD). Solo se recopilan los datos personales que son realmente necesarios para la ejecuci\u00f3n y gesti\u00f3n de nuestras funciones y servicios, o que usted nos haya proporcionado voluntariamente.<\/p>\n<p data-start=\"591\" data-end=\"760\"><strong data-start=\"591\" data-end=\"670\">I. NOMBRE Y DIRECCI\u00d3N DEL RESPONSABLE Y DEL DELEGADO DE PROTECCI\u00d3N DE DATOS<\/strong><br data-start=\"670\" data-end=\"673\">El responsable en el sentido del Reglamento General de Protecci\u00f3n de Datos (RGPD) es:<\/p>\n<p data-start=\"762\" data-end=\"803\"><strong data-start=\"762\" data-end=\"793\">Naiman Trust Solutions Ltd.<\/strong><br data-start=\"793\" data-end=\"796\">Suiza<\/p>\n<p data-start=\"805\" data-end=\"924\">La delegada de protecci\u00f3n de datos de Naiman Trust Solutions Ltd. puede ser contactada en: info [at] naiman-trust.com<\/p>\n<p data-start=\"926\" data-end=\"982\"><strong data-start=\"926\" data-end=\"980\">II. DESCRIPCI\u00d3N Y ALCANCE DEL TRATAMIENTO DE DATOS<\/strong><\/p>\n<p data-start=\"986\" data-end=\"1015\"><strong data-start=\"986\" data-end=\"1013\">1. PROVISI\u00d3N DEL SITIO WEB<\/strong><\/p>\n<p data-start=\"1017\" data-end=\"1175\">Cada vez que se accede a nuestro sitio web, nuestro sistema recopila autom\u00e1ticamente datos e informaci\u00f3n del sistema inform\u00e1tico del dispositivo que accede.<\/p>\n<p data-start=\"1177\" data-end=\"1213\">Se recopilan los siguientes datos:<\/p>\n<ul data-start=\"1214\" data-end=\"1506\">\n<li data-start=\"1214\" data-end=\"1280\">\n<p data-start=\"1216\" data-end=\"1280\">Informaci\u00f3n sobre el tipo y la versi\u00f3n del navegador utilizado<\/p>\n<\/li>\n<li data-start=\"1281\" data-end=\"1317\">\n<p data-start=\"1283\" data-end=\"1317\">El sistema operativo del usuario<\/p>\n<\/li>\n<li data-start=\"1318\" data-end=\"1371\">\n<p data-start=\"1320\" data-end=\"1371\">El proveedor de servicios de Internet del usuario<\/p>\n<\/li>\n<li data-start=\"1372\" data-end=\"1403\">\n<p data-start=\"1374\" data-end=\"1403\">La direcci\u00f3n IP del usuario<\/p>\n<\/li>\n<li data-start=\"1404\" data-end=\"1431\">\n<p data-start=\"1406\" data-end=\"1431\">Fecha y hora del acceso<\/p>\n<\/li>\n<li data-start=\"1432\" data-end=\"1506\">\n<p data-start=\"1434\" data-end=\"1506\">Sitios web desde los que el sistema del usuario accede a nuestro sitio<\/p>\n<\/li>\n<\/ul>\n<p data-start=\"1508\" data-end=\"1720\">Esta informaci\u00f3n se almacena durante un per\u00edodo m\u00e1ximo de 90 d\u00edas. El almacenamiento se realiza por motivos de seguridad de los datos, para garantizar la estabilidad y la seguridad operativa de nuestro sistema.<\/p>\n<p data-start=\"1722\" data-end=\"1927\">No realizamos an\u00e1lisis web propios en nuestro sitio ni utilizamos herramientas de an\u00e1lisis web. Por lo tanto, no se lleva a cabo ninguna evaluaci\u00f3n de los datos de visita o uso mencionados anteriormente.<\/p>\n<p data-start=\"1929\" data-end=\"2284\"><strong data-start=\"1929\" data-end=\"1960\">III. SEGURIDAD DE LOS DATOS<\/strong><br data-start=\"1960\" data-end=\"1963\">Durante su visita a nuestro sitio web, utilizamos el procedimiento SSL\/TLS est\u00e1ndar junto con el nivel de cifrado m\u00e1s alto compatible con su navegador. Puede reconocer si una p\u00e1gina de nuestro sitio se transmite de forma cifrada mediante el s\u00edmbolo de llave o candado cerrado en la barra de direcciones de su navegador.<\/p>\n<p data-start=\"2286\" data-end=\"2599\">Adem\u00e1s, aplicamos otras medidas t\u00e9cnicas y organizativas adecuadas para proteger sus datos contra manipulaciones accidentales o intencionadas, p\u00e9rdida parcial o total, destrucci\u00f3n o acceso no autorizado por parte de terceros. Nuestras medidas de seguridad se mejoran continuamente conforme avanza la tecnolog\u00eda.<\/p>\n<p data-start=\"2601\" data-end=\"3255\"><strong data-start=\"2601\" data-end=\"2647\">IV. SUS DERECHOS (DERECHOS DEL INTERESADO)<\/strong><br data-start=\"2647\" data-end=\"2650\">Usted tiene derecho a solicitar informaci\u00f3n sobre sus datos personales tratados por nosotros. En particular, puede solicitar informaci\u00f3n sobre los fines del tratamiento, las categor\u00edas de datos personales, las categor\u00edas de destinatarios a los que se han comunicado o se comunicar\u00e1n sus datos, el per\u00edodo previsto de conservaci\u00f3n, la existencia de los derechos de rectificaci\u00f3n, supresi\u00f3n, limitaci\u00f3n del tratamiento u oposici\u00f3n, la portabilidad de los datos, el origen de sus datos (si no se recopilaron directamente de usted), as\u00ed como la existencia de decisiones automatizadas, incluido el perfilado.<\/p>\n<p data-start=\"3257\" data-end=\"3391\">Tambi\u00e9n tiene derecho a retirar en cualquier momento cualquier consentimiento que haya otorgado para el uso de sus datos personales.<\/p>\n<p data-start=\"3393\" data-end=\"3495\">Puede ejercer los derechos mencionados en cualquier momento contact\u00e1ndonos en la direcci\u00f3n indicada.<\/p>\n<p data-start=\"3497\" data-end=\"3760\" data-is-last-node=\"\" data-is-only-node=\"\">Si considera que el tratamiento de sus datos personales por nuestra parte infringe las disposiciones aplicables en materia de protecci\u00f3n de datos, tiene la posibilidad de presentar una reclamaci\u00f3n ante la <strong data-start=\"3702\" data-end=\"3759\">Autoridad de Protecci\u00f3n de Datos del Cant\u00f3n de Z\u00farich<\/strong>.<\/p>\n","protected":false},"excerpt":{"rendered":"<p>DECLARACI\u00d3N DE PROTECCI\u00d3N DE DATOS Nuestro tratamiento de los datos personales de los usuarios se limita a aquellos datos necesarios para proporcionar un sitio web funcional, as\u00ed como nuestros contenidos y servicios. El tratamiento de los datos personales de nuestros usuarios se realiza \u00fanicamente para los fines que se detallan a continuaci\u00f3n y cuando exista [&hellip;]<\/p>\n","protected":false},"author":1,"featured_media":401,"parent":0,"menu_order":0,"comment_status":"closed","ping_status":"closed","template":"","meta":{"_acf_changed":false,"ngg_post_thumbnail":0,"footnotes":""},"class_list":["post-156","page","type-page","status-publish","has-post-thumbnail","hentry"],"acf":[],"_links":{"self":[{"href":"https:\/\/naiman-trust.com\/es\/wp-json\/wp\/v2\/pages\/156","targetHints":{"allow":["GET"]}}],"collection":[{"href":"https:\/\/naiman-trust.com\/es\/wp-json\/wp\/v2\/pages"}],"about":[{"href":"https:\/\/naiman-trust.com\/es\/wp-json\/wp\/v2\/types\/page"}],"author":[{"embeddable":true,"href":"https:\/\/naiman-trust.com\/es\/wp-json\/wp\/v2\/users\/1"}],"replies":[{"embeddable":true,"href":"https:\/\/naiman-trust.com\/es\/wp-json\/wp\/v2\/comments?post=156"}],"version-history":[{"count":5,"href":"https:\/\/naiman-trust.com\/es\/wp-json\/wp\/v2\/pages\/156\/revisions"}],"predecessor-version":[{"id":331,"href":"https:\/\/naiman-trust.com\/es\/wp-json\/wp\/v2\/pages\/156\/revisions\/331"}],"wp:featuredmedia":[{"embeddable":true,"href":"https:\/\/naiman-trust.com\/es\/wp-json\/wp\/v2\/media\/401"}],"wp:attachment":[{"href":"https:\/\/naiman-trust.com\/es\/wp-json\/wp\/v2\/media?parent=156"}],"curies":[{"name":"wp","href":"https:\/\/api.w.org\/{rel}","templated":true}]}}