{"id":168,"date":"2025-10-15T20:50:59","date_gmt":"2025-10-15T18:50:59","guid":{"rendered":"https:\/\/naiman-trust.com\/impressum\/"},"modified":"2025-11-11T14:43:01","modified_gmt":"2025-11-11T13:43:01","slug":"imprint","status":"publish","type":"page","link":"https:\/\/naiman-trust.com\/es\/imprint\/","title":{"rendered":"Aviso legal"},"content":{"rendered":"<p><strong>RESPONSABLE DEL CONTENIDO<\/strong><\/p>\n<p>Naiman Trust Solutions Ltd.<br \/>\nSuiza<\/p>\n<p>N\u00famero de registro mercantil<br \/>\nCHE-<span id=\"idAuszugForm:rendered-excerpt\"><span class=\"firmaImportantInfo\" data-uid=\"true\">114.283.684<\/span><\/span><\/p>\n<p>N\u00famero de identificaci\u00f3n IVA<br \/>\nCHE-<span id=\"idAuszugForm:rendered-excerpt\"><span class=\"firmaImportantInfo\" data-uid=\"true\">114.283.684<\/span><\/span> IVA<\/p>\n<p><strong>RESPONSABLE DE LA PARTE T\u00c9CNICA<\/strong><\/p>\n<p>Alojamiento web: UNAXUS<\/p>\n<p>DERECHOS DE AUTOR<\/p>\n<p>Todos los textos, fotos, gr\u00e1ficos, archivos de audio y v\u00eddeo est\u00e1n protegidos por derechos de autor y otras leyes que rigen la propiedad intelectual. No se pueden reproducir, modificar ni utilizar en otros sitios web con fines comerciales o similares.<\/p>\n<p>DESCARGO DE RESPONSABILIDAD<\/p>\n<p>La informaci\u00f3n de nuestro sitio web se revisa y actualiza peri\u00f3dicamente. Sin embargo, nos reservamos el derecho de que no toda la informaci\u00f3n pueda estar siempre completa, sea precisa o est\u00e9 actualizada. En particular, no asumimos ninguna responsabilidad por la exactitud o actualidad de la informaci\u00f3n en sitios web externos que est\u00e9n directa o indirectamente vinculados a nuestro sitio. Toda la informaci\u00f3n puede ser eliminada, modificada o complementada por nosotros en cualquier momento sin previo aviso.<\/p>\n<p>Todos los derechos reservados. Toda la informaci\u00f3n de este sitio web se proporciona sin ninguna garant\u00eda.<\/p>\n<p>Lugar de jurisdicci\u00f3n: Z\u00farich, Suiza.<\/p>\n","protected":false},"excerpt":{"rendered":"<p>RESPONSABLE DEL CONTENIDO Naiman Trust Solutions Ltd. Suiza N\u00famero de registro mercantil CHE-114.283.684 N\u00famero de identificaci\u00f3n IVA CHE-114.283.684 IVA RESPONSABLE DE LA PARTE T\u00c9CNICA Alojamiento web: UNAXUS DERECHOS DE AUTOR Todos los textos, fotos, gr\u00e1ficos, archivos de audio y v\u00eddeo est\u00e1n protegidos por derechos de autor y otras leyes que rigen la propiedad intelectual. No [&hellip;]<\/p>\n","protected":false},"author":1,"featured_media":401,"parent":0,"menu_order":0,"comment_status":"closed","ping_status":"closed","template":"","meta":{"_acf_changed":false,"ngg_post_thumbnail":0,"footnotes":""},"class_list":["post-168","page","type-page","status-publish","has-post-thumbnail","hentry"],"acf":[],"_links":{"self":[{"href":"https:\/\/naiman-trust.com\/es\/wp-json\/wp\/v2\/pages\/168","targetHints":{"allow":["GET"]}}],"collection":[{"href":"https:\/\/naiman-trust.com\/es\/wp-json\/wp\/v2\/pages"}],"about":[{"href":"https:\/\/naiman-trust.com\/es\/wp-json\/wp\/v2\/types\/page"}],"author":[{"embeddable":true,"href":"https:\/\/naiman-trust.com\/es\/wp-json\/wp\/v2\/users\/1"}],"replies":[{"embeddable":true,"href":"https:\/\/naiman-trust.com\/es\/wp-json\/wp\/v2\/comments?post=168"}],"version-history":[{"count":4,"href":"https:\/\/naiman-trust.com\/es\/wp-json\/wp\/v2\/pages\/168\/revisions"}],"predecessor-version":[{"id":451,"href":"https:\/\/naiman-trust.com\/es\/wp-json\/wp\/v2\/pages\/168\/revisions\/451"}],"wp:featuredmedia":[{"embeddable":true,"href":"https:\/\/naiman-trust.com\/es\/wp-json\/wp\/v2\/media\/401"}],"wp:attachment":[{"href":"https:\/\/naiman-trust.com\/es\/wp-json\/wp\/v2\/media?parent=168"}],"curies":[{"name":"wp","href":"https:\/\/api.w.org\/{rel}","templated":true}]}}