{"id":133,"date":"2025-10-15T19:37:10","date_gmt":"2025-10-15T17:37:10","guid":{"rendered":"https:\/\/naiman-trust.com\/about\/"},"modified":"2025-11-11T14:13:47","modified_gmt":"2025-11-11T13:13:47","slug":"about","status":"publish","type":"page","link":"https:\/\/naiman-trust.com\/fr\/about\/","title":{"rendered":"\u00c0 propos de nous"},"content":{"rendered":"<p><b>Naiman Trust Solutions Ltd.<\/b> est un cabinet de conseil sp\u00e9cialis\u00e9 dans le conseil fiscal et la structuration patrimoniale. Notre \u00e9quipe combine des connaissances juridiques approfondies et une vaste exp\u00e9rience dans le secteur financier afin de proposer des solutions sur mesure et avant-gardistes. Nous adoptons une approche holistique, en analysant tous les aspects de la situation personnelle et professionnelle de nos clients, afin de leur proposer des strat\u00e9gies \u00e0 la fois efficaces et durables. Chez Naiman, nous accordons une grande importance \u00e0 la pr\u00e9cision, \u00e0 l'int\u00e9grit\u00e9 et \u00e0 la cr\u00e9ativit\u00e9 dans tout ce que nous faisons.<\/p>\n","protected":false},"excerpt":{"rendered":"<p>Naiman Trust Solutions Ltd. est un cabinet de conseil sp\u00e9cialis\u00e9 dans le conseil fiscal et la structuration patrimoniale. Notre \u00e9quipe combine des connaissances juridiques approfondies et une vaste exp\u00e9rience dans le secteur financier afin de proposer des solutions sur mesure et avant-gardistes. Nous adoptons une approche holistique, en analysant tous les aspects de la situation [&hellip;]<\/p>\n","protected":false},"author":1,"featured_media":376,"parent":0,"menu_order":0,"comment_status":"closed","ping_status":"closed","template":"","meta":{"_acf_changed":false,"ngg_post_thumbnail":0,"footnotes":""},"class_list":["post-133","page","type-page","status-publish","has-post-thumbnail","hentry"],"acf":[],"_links":{"self":[{"href":"https:\/\/naiman-trust.com\/fr\/wp-json\/wp\/v2\/pages\/133","targetHints":{"allow":["GET"]}}],"collection":[{"href":"https:\/\/naiman-trust.com\/fr\/wp-json\/wp\/v2\/pages"}],"about":[{"href":"https:\/\/naiman-trust.com\/fr\/wp-json\/wp\/v2\/types\/page"}],"author":[{"embeddable":true,"href":"https:\/\/naiman-trust.com\/fr\/wp-json\/wp\/v2\/users\/1"}],"replies":[{"embeddable":true,"href":"https:\/\/naiman-trust.com\/fr\/wp-json\/wp\/v2\/comments?post=133"}],"version-history":[{"count":3,"href":"https:\/\/naiman-trust.com\/fr\/wp-json\/wp\/v2\/pages\/133\/revisions"}],"predecessor-version":[{"id":437,"href":"https:\/\/naiman-trust.com\/fr\/wp-json\/wp\/v2\/pages\/133\/revisions\/437"}],"wp:featuredmedia":[{"embeddable":true,"href":"https:\/\/naiman-trust.com\/fr\/wp-json\/wp\/v2\/media\/376"}],"wp:attachment":[{"href":"https:\/\/naiman-trust.com\/fr\/wp-json\/wp\/v2\/media?parent=133"}],"curies":[{"name":"wp","href":"https:\/\/api.w.org\/{rel}","templated":true}]}}