{"id":160,"date":"2025-10-15T19:27:33","date_gmt":"2025-10-15T17:27:33","guid":{"rendered":"https:\/\/naiman-trust.com\/home\/"},"modified":"2025-11-11T14:13:10","modified_gmt":"2025-11-11T13:13:10","slug":"home","status":"publish","type":"page","link":"https:\/\/naiman-trust.com\/fr\/","title":{"rendered":"Accueil"},"content":{"rendered":"<p>Naiman Trust Solutions Ltd. est un cabinet de conseil sp\u00e9cialis\u00e9 en fiscalit\u00e9 et en structuration de patrimoine.<\/p>\n","protected":false},"excerpt":{"rendered":"<p>Naiman Trust Solutions Ltd. est un cabinet de conseil sp\u00e9cialis\u00e9 en fiscalit\u00e9 et en structuration de patrimoine.<\/p>\n","protected":false},"author":1,"featured_media":0,"parent":0,"menu_order":0,"comment_status":"closed","ping_status":"closed","template":"template-home.php","meta":{"_acf_changed":false,"ngg_post_thumbnail":0,"footnotes":""},"class_list":["post-160","page","type-page","status-publish","hentry"],"acf":[],"_links":{"self":[{"href":"https:\/\/naiman-trust.com\/fr\/wp-json\/wp\/v2\/pages\/160","targetHints":{"allow":["GET"]}}],"collection":[{"href":"https:\/\/naiman-trust.com\/fr\/wp-json\/wp\/v2\/pages"}],"about":[{"href":"https:\/\/naiman-trust.com\/fr\/wp-json\/wp\/v2\/types\/page"}],"author":[{"embeddable":true,"href":"https:\/\/naiman-trust.com\/fr\/wp-json\/wp\/v2\/users\/1"}],"replies":[{"embeddable":true,"href":"https:\/\/naiman-trust.com\/fr\/wp-json\/wp\/v2\/comments?post=160"}],"version-history":[{"count":3,"href":"https:\/\/naiman-trust.com\/fr\/wp-json\/wp\/v2\/pages\/160\/revisions"}],"predecessor-version":[{"id":436,"href":"https:\/\/naiman-trust.com\/fr\/wp-json\/wp\/v2\/pages\/160\/revisions\/436"}],"wp:attachment":[{"href":"https:\/\/naiman-trust.com\/fr\/wp-json\/wp\/v2\/media?parent=160"}],"curies":[{"name":"wp","href":"https:\/\/api.w.org\/{rel}","templated":true}]}}