{"id":166,"date":"2025-10-15T20:50:59","date_gmt":"2025-10-15T18:50:59","guid":{"rendered":"https:\/\/naiman-trust.com\/impressum\/"},"modified":"2025-11-11T14:15:32","modified_gmt":"2025-11-11T13:15:32","slug":"imprint","status":"publish","type":"page","link":"https:\/\/naiman-trust.com\/fr\/imprint\/","title":{"rendered":"Mentions l\u00e9gales"},"content":{"rendered":"<p><strong>RESPONSABLE DU CONTENU<\/strong><\/p>\n<p>Naiman Trust Solutions Ltd.<br \/>\nSuisse<\/p>\n<p>Num\u00e9ro du registre du commerce<br \/>\nCHE-<span id=\"idAuszugForm:rendered-excerpt\"><span class=\"firmaImportantInfo\" data-uid=\"true\">114.283.684<\/span><\/span><\/p>\n<p>Num\u00e9ro d'identification TVA<br \/>\nCHE-<span id=\"idAuszugForm:rendered-excerpt\"><span class=\"firmaImportantInfo\" data-uid=\"true\">114.283.684<\/span><\/span> TVA<\/p>\n<p><strong>RESPONSABLE DE LA PARTIE TECHNIQUE<\/strong><\/p>\n<p>H\u00e9bergement web : UNAXUS<\/p>\n<p>DROITS D'AUTEUR<\/p>\n<p>Tous les textes, photos, graphiques, fichiers audio et vid\u00e9o sont prot\u00e9g\u00e9s par le droit d'auteur et d'autres lois r\u00e9gissant la propri\u00e9t\u00e9 intellectuelle. Ils ne peuvent \u00eatre reproduits, modifi\u00e9s ou utilis\u00e9s sur d'autres sites web \u00e0 des fins commerciales ou similaires.<\/p>\n<p>CLAUSE DE NON-RESPONSABILIT\u00c9<\/p>\n<p>Les informations sur notre site web sont r\u00e9guli\u00e8rement examin\u00e9es et mises \u00e0 jour. Cependant, nous nous r\u00e9servons le droit que toutes les informations ne puissent pas toujours \u00eatre compl\u00e8tes, exactes ou \u00e0 jour. En particulier, nous n'assumons aucune responsabilit\u00e9 quant \u00e0 l'exactitude ou l'actualit\u00e9 des informations sur les sites web externes directement ou indirectement li\u00e9s \u00e0 notre site. Toutes les informations peuvent \u00eatre supprim\u00e9es, modifi\u00e9es ou compl\u00e9t\u00e9es par nous \u00e0 tout moment sans pr\u00e9avis.<\/p>\n<p>Tous droits r\u00e9serv\u00e9s. Toutes les informations sur ce site web sont fournies sans aucune garantie.<\/p>\n<p>Lieu de juridiction : Zurich, Suisse.<\/p>\n","protected":false},"excerpt":{"rendered":"<p>RESPONSABLE DU CONTENU Naiman Trust Solutions Ltd. Suisse Num\u00e9ro du registre du commerce CHE-114.283.684 Num\u00e9ro d'identification TVA CHE-114.283.684 TVA RESPONSABLE DE LA PARTIE TECHNIQUE H\u00e9bergement web : UNAXUS DROITS D'AUTEUR Tous les textes, photos, graphiques, fichiers audio et vid\u00e9o sont prot\u00e9g\u00e9s par le droit d'auteur et d'autres lois r\u00e9gissant la propri\u00e9t\u00e9 intellectuelle. Ils ne peuvent [&hellip;]<\/p>\n","protected":false},"author":1,"featured_media":399,"parent":0,"menu_order":0,"comment_status":"closed","ping_status":"closed","template":"","meta":{"_acf_changed":false,"ngg_post_thumbnail":0,"footnotes":""},"class_list":["post-166","page","type-page","status-publish","has-post-thumbnail","hentry"],"acf":[],"_links":{"self":[{"href":"https:\/\/naiman-trust.com\/fr\/wp-json\/wp\/v2\/pages\/166","targetHints":{"allow":["GET"]}}],"collection":[{"href":"https:\/\/naiman-trust.com\/fr\/wp-json\/wp\/v2\/pages"}],"about":[{"href":"https:\/\/naiman-trust.com\/fr\/wp-json\/wp\/v2\/types\/page"}],"author":[{"embeddable":true,"href":"https:\/\/naiman-trust.com\/fr\/wp-json\/wp\/v2\/users\/1"}],"replies":[{"embeddable":true,"href":"https:\/\/naiman-trust.com\/fr\/wp-json\/wp\/v2\/comments?post=166"}],"version-history":[{"count":4,"href":"https:\/\/naiman-trust.com\/fr\/wp-json\/wp\/v2\/pages\/166\/revisions"}],"predecessor-version":[{"id":439,"href":"https:\/\/naiman-trust.com\/fr\/wp-json\/wp\/v2\/pages\/166\/revisions\/439"}],"wp:featuredmedia":[{"embeddable":true,"href":"https:\/\/naiman-trust.com\/fr\/wp-json\/wp\/v2\/media\/399"}],"wp:attachment":[{"href":"https:\/\/naiman-trust.com\/fr\/wp-json\/wp\/v2\/media?parent=166"}],"curies":[{"name":"wp","href":"https:\/\/api.w.org\/{rel}","templated":true}]}}